{"id":8,"date":"2016-10-18T21:07:23","date_gmt":"2016-10-18T21:07:23","guid":{"rendered":"http:\/\/www.expertoexcel.cl\/?page_id=8"},"modified":"2020-07-26T17:16:35","modified_gmt":"2020-07-26T21:16:35","slug":"nosotros","status":"publish","type":"page","link":"http:\/\/www.expertoexcel.cl\/?page_id=8","title":{"rendered":"Asesor\u00eda"},"content":{"rendered":"<p style=\"text-align: justify;\"><img decoding=\"async\" loading=\"lazy\" class=\"alignright wp-image-12\" src=\"http:\/\/www.expertoexcel.cl\/wp-content\/uploads\/2016\/10\/Nosotros01.jpg\" alt=\"nosotros01\" width=\"301\" height=\"200\" srcset=\"http:\/\/www.expertoexcel.cl\/wp-content\/uploads\/2016\/10\/Nosotros01.jpg 275w, http:\/\/www.expertoexcel.cl\/wp-content\/uploads\/2016\/10\/Nosotros01-225x150.jpg 225w, http:\/\/www.expertoexcel.cl\/wp-content\/uploads\/2016\/10\/Nosotros01-150x100.jpg 150w\" sizes=\"(max-width: 301px) 100vw, 301px\" \/><\/p>\n<p><span style=\"font-size: 12pt;\">Los ejecutivos y profesionales actuales <strong>carecen de tiempo<\/strong> <strong>y\u00a0de personal de apoyo<\/strong> en quien delegar, debido al <\/span><span style=\"font-size: 12pt;\">control de costos al que est\u00e1n obligadas las empresas, por desempe\u00f1arse en mercados competitivos.<\/span><\/p>\n<h6><span style=\"font-size: 12pt;\">Aunque se cuente con personal de apoyo, existen problemas de ineficiencia:<\/span><\/h6>\n<ul>\n<li><span style=\"font-size: 12pt;\">Capacidades profesionales subutilizadas (s\u00f3lo en algunas tareas se requiere capacidad profesional).<\/span><\/li>\n<li><span style=\"font-size: 12pt;\">Riesgos de divulgaci\u00f3n de temas confidencial<\/span><\/li>\n<\/ul>\n<p>Nuestros servicios apuntan a satisfacer esa necesidad: <strong>\u00abcontar con apoyo profesional que<\/strong> <strong>cueste s\u00f3lo el tiempo dedicado a tareas complejas y con garant\u00eda de confidencialidad\u00bb.<\/strong><\/p>\n<p>Podemos brindar un espectro amplio de apoyo, desde preparar presentaciones, hacer m\u00e1s eficientes las tareas con apoyo de Excel, o apoyar a los hijos en su formaci\u00f3n escolar o universitaria.<\/p>\n<h2 style=\"text-align: justify;\"><strong>Secretariado T\u00e9cnico de bajo Costo, Confidencial y de Alto Nivel<\/strong><\/h2>\n<p style=\"text-align: justify;\">La consultar\u00eda tradicional busca desarrollar proyectos de alto costo, con muchas horas de profesional con dedicaci\u00f3n full-time.<\/p>\n<p style=\"text-align: justify;\">Nuestros servicios se abocan a lo espec\u00edfico y espor\u00e1dico, lo que redunda en eficiencia, al acceder a un servicio de bajo costo, en el cual se paga s\u00f3lo las horas profesionales efectivas.<\/p>\n<h2 style=\"text-align: justify;\"><strong>C\u00f3mo trabajamos<\/strong><\/h2>\n<p style=\"text-align: justify;\">Somos un equipo cuyo foco es la eficiencia y el mejoramiento, hacer las cosas siempre mejor y\/o m\u00e1s r\u00e1pido y siempre a un bajo costo<\/p>\n<p style=\"text-align: justify;\">El mejoramiento de los procesos y la calidad de la gesti\u00f3n de los proyectos es nuestro foco, utilizando enfoques pr\u00e1cticos y simples.<\/p>\n<p style=\"text-align: justify;\"><img decoding=\"async\" loading=\"lazy\" class=\"alignleft wp-image-13\" src=\"http:\/\/www.expertoexcel.cl\/wp-content\/uploads\/2016\/10\/Nosotros02.jpg\" alt=\"nosotros02\" width=\"302\" height=\"200\" srcset=\"http:\/\/www.expertoexcel.cl\/wp-content\/uploads\/2016\/10\/Nosotros02.jpg 276w, http:\/\/www.expertoexcel.cl\/wp-content\/uploads\/2016\/10\/Nosotros02-226x150.jpg 226w, http:\/\/www.expertoexcel.cl\/wp-content\/uploads\/2016\/10\/Nosotros02-150x99.jpg 150w\" sizes=\"(max-width: 302px) 100vw, 302px\" \/>Contamos con amplia cultura de gesti\u00f3n empresarial, lo que nos permite deducir necesidades, gener\u00e1ndose eficiencia, al minimizarse el esfuerzo de levantamientos de informaci\u00f3n. Asimismo, nuestra experiencia nos permite proponer soluciones que hemos observado, contribuyendo a la difusi\u00f3n de las mejores pr\u00e1cticas, sin reinventar soluciones, lo que redunda en menores costos para nuestros clientes.<\/p>\n<p style=\"text-align: justify;\">Nuestro enfoque es la eficiencia para el cliente, nos interesa entregar exactamente lo que el cliente necesita, de modo que podamos cobrar exactamente el valor que aportamos.<\/p>\n<p>Nuestros servicios son personales y basados en una relaci\u00f3n de confianza, por lo que la confidencialidad es una caracter\u00edstica vital, para nosotros<\/p>\n<p><em><strong>Representante<\/strong><\/em><\/p>\n<p><img decoding=\"async\" loading=\"lazy\" class=\" wp-image-89 alignleft\" style=\"font-size: 16px; font-style: italic; font-weight: bold;\" src=\"http:\/\/www.expertoexcel.cl\/wp-content\/uploads\/2016\/10\/yo-225x300.jpg\" alt=\"\" width=\"273\" height=\"364\" srcset=\"http:\/\/www.expertoexcel.cl\/wp-content\/uploads\/2016\/10\/yo-225x300.jpg 225w, http:\/\/www.expertoexcel.cl\/wp-content\/uploads\/2016\/10\/yo-113x150.jpg 113w, http:\/\/www.expertoexcel.cl\/wp-content\/uploads\/2016\/10\/yo.jpg 240w\" sizes=\"(max-width: 273px) 100vw, 273px\" \/><\/p>\n<p><em><strong>Javier Fontecilla Schmidt<\/strong><\/em><\/p>\n<p><em>Ingeniero Civil Industrial, Universidad de Chile<\/em><\/p>\n<p><em>Diplomado en Econom\u00eda Financiera, Universidad de Santiago de Chile<\/em><\/p>\n<p>RUT (Tax Number): 7.433.028-2<\/p>\n<p>e-mail: javier.fontecilla@bulamatari.cl<\/p>\n<p><em>Amplia experiencia ejecutiva, analista y docente, en organizaciones de diferentes rubros (Consultor\u00eda, Docencia, Finanzas y Miner\u00edas) y en diversas \u00e1reas funcionales (sistemas, finanzas, recursos humanos y control de proyectos).<\/em><\/p>\n<p>&nbsp;<\/p>\n<p>&nbsp;<\/p>\n<p>&nbsp;<\/p>\n<p>&nbsp;<\/p>\n<p>&nbsp;<\/p>\n","protected":false},"excerpt":{"rendered":"<p>Los ejecutivos y profesionales actuales carecen de tiempo y\u00a0de personal de apoyo en quien delegar, debido al control de costos al que est\u00e1n obligadas las empresas, por desempe\u00f1arse en mercados competitivos. Aunque se cuente con personal de apoyo, existen problemas de ineficiencia: Capacidades profesionales subutilizadas (s\u00f3lo en algunas tareas se \u2026<\/p>\n<p class=\"continue-reading-button\"> <a class=\"continue-reading-link\" href=\"http:\/\/www.expertoexcel.cl\/?page_id=8\">VER DETALLES<i class=\"crycon-right-dir\"><\/i><\/a><\/p>\n","protected":false},"author":2,"featured_media":0,"parent":0,"menu_order":0,"comment_status":"closed","ping_status":"closed","template":"","meta":[],"aioseo_notices":[],"yoast_head":"<!-- This site is optimized with the Yoast SEO plugin v19.11 - https:\/\/yoast.com\/wordpress\/plugins\/seo\/ -->\n<title>Asesor\u00eda - Expertoexcel.cl<\/title>\n<meta name=\"robots\" content=\"index, follow, max-snippet:-1, max-image-preview:large, max-video-preview:-1\" \/>\n<link rel=\"canonical\" href=\"http:\/\/www.expertoexcel.cl\/?page_id=8\" \/>\n<meta property=\"og:locale\" content=\"es_ES\" \/>\n<meta property=\"og:type\" content=\"article\" \/>\n<meta property=\"og:title\" content=\"Asesor\u00eda - Expertoexcel.cl\" \/>\n<meta property=\"og:description\" content=\"Los ejecutivos y profesionales actuales carecen de tiempo y\u00a0de personal de apoyo en quien delegar, debido al control de costos al que est\u00e1n obligadas las empresas, por desempe\u00f1arse en mercados competitivos. Aunque se cuente con personal de apoyo, existen problemas de ineficiencia: Capacidades profesionales subutilizadas (s\u00f3lo en algunas tareas se \u2026 VER DETALLES\" \/>\n<meta property=\"og:url\" content=\"http:\/\/www.expertoexcel.cl\/?page_id=8\" \/>\n<meta property=\"og:site_name\" content=\"Expertoexcel.cl\" \/>\n<meta property=\"article:modified_time\" content=\"2020-07-26T21:16:35+00:00\" \/>\n<meta property=\"og:image\" content=\"http:\/\/www.expertoexcel.cl\/wp-content\/uploads\/2016\/10\/Nosotros01.jpg\" \/>\n<meta name=\"twitter:card\" content=\"summary_large_image\" \/>\n<meta name=\"twitter:label1\" content=\"Tiempo de lectura\" \/>\n\t<meta name=\"twitter:data1\" content=\"2 minutos\" \/>\n<script type=\"application\/ld+json\" class=\"yoast-schema-graph\">{\"@context\":\"https:\/\/schema.org\",\"@graph\":[{\"@type\":\"WebPage\",\"@id\":\"http:\/\/www.expertoexcel.cl\/?page_id=8\",\"url\":\"http:\/\/www.expertoexcel.cl\/?page_id=8\",\"name\":\"Asesor\u00eda - Expertoexcel.cl\",\"isPartOf\":{\"@id\":\"http:\/\/www.expertoexcel.cl\/#website\"},\"datePublished\":\"2016-10-18T21:07:23+00:00\",\"dateModified\":\"2020-07-26T21:16:35+00:00\",\"breadcrumb\":{\"@id\":\"http:\/\/www.expertoexcel.cl\/?page_id=8#breadcrumb\"},\"inLanguage\":\"es\",\"potentialAction\":[{\"@type\":\"ReadAction\",\"target\":[\"http:\/\/www.expertoexcel.cl\/?page_id=8\"]}]},{\"@type\":\"BreadcrumbList\",\"@id\":\"http:\/\/www.expertoexcel.cl\/?page_id=8#breadcrumb\",\"itemListElement\":[{\"@type\":\"ListItem\",\"position\":1,\"name\":\"Portada\",\"item\":\"http:\/\/www.expertoexcel.cl\/\"},{\"@type\":\"ListItem\",\"position\":2,\"name\":\"Asesor\u00eda\"}]},{\"@type\":\"WebSite\",\"@id\":\"http:\/\/www.expertoexcel.cl\/#website\",\"url\":\"http:\/\/www.expertoexcel.cl\/\",\"name\":\"Expertoexcel.cl\",\"description\":\"Fono: +56 9 93184639, Santiago - Chile.\",\"potentialAction\":[{\"@type\":\"SearchAction\",\"target\":{\"@type\":\"EntryPoint\",\"urlTemplate\":\"http:\/\/www.expertoexcel.cl\/?s={search_term_string}\"},\"query-input\":\"required name=search_term_string\"}],\"inLanguage\":\"es\"}]}<\/script>\n<!-- \/ Yoast SEO plugin. -->","yoast_head_json":{"title":"Asesor\u00eda - Expertoexcel.cl","robots":{"index":"index","follow":"follow","max-snippet":"max-snippet:-1","max-image-preview":"max-image-preview:large","max-video-preview":"max-video-preview:-1"},"canonical":"http:\/\/www.expertoexcel.cl\/?page_id=8","og_locale":"es_ES","og_type":"article","og_title":"Asesor\u00eda - Expertoexcel.cl","og_description":"Los ejecutivos y profesionales actuales carecen de tiempo y\u00a0de personal de apoyo en quien delegar, debido al control de costos al que est\u00e1n obligadas las empresas, por desempe\u00f1arse en mercados competitivos. Aunque se cuente con personal de apoyo, existen problemas de ineficiencia: Capacidades profesionales subutilizadas (s\u00f3lo en algunas tareas se \u2026 VER DETALLES","og_url":"http:\/\/www.expertoexcel.cl\/?page_id=8","og_site_name":"Expertoexcel.cl","article_modified_time":"2020-07-26T21:16:35+00:00","og_image":[{"url":"http:\/\/www.expertoexcel.cl\/wp-content\/uploads\/2016\/10\/Nosotros01.jpg"}],"twitter_card":"summary_large_image","twitter_misc":{"Tiempo de lectura":"2 minutos"},"schema":{"@context":"https:\/\/schema.org","@graph":[{"@type":"WebPage","@id":"http:\/\/www.expertoexcel.cl\/?page_id=8","url":"http:\/\/www.expertoexcel.cl\/?page_id=8","name":"Asesor\u00eda - Expertoexcel.cl","isPartOf":{"@id":"http:\/\/www.expertoexcel.cl\/#website"},"datePublished":"2016-10-18T21:07:23+00:00","dateModified":"2020-07-26T21:16:35+00:00","breadcrumb":{"@id":"http:\/\/www.expertoexcel.cl\/?page_id=8#breadcrumb"},"inLanguage":"es","potentialAction":[{"@type":"ReadAction","target":["http:\/\/www.expertoexcel.cl\/?page_id=8"]}]},{"@type":"BreadcrumbList","@id":"http:\/\/www.expertoexcel.cl\/?page_id=8#breadcrumb","itemListElement":[{"@type":"ListItem","position":1,"name":"Portada","item":"http:\/\/www.expertoexcel.cl\/"},{"@type":"ListItem","position":2,"name":"Asesor\u00eda"}]},{"@type":"WebSite","@id":"http:\/\/www.expertoexcel.cl\/#website","url":"http:\/\/www.expertoexcel.cl\/","name":"Expertoexcel.cl","description":"Fono: +56 9 93184639, Santiago - Chile.","potentialAction":[{"@type":"SearchAction","target":{"@type":"EntryPoint","urlTemplate":"http:\/\/www.expertoexcel.cl\/?s={search_term_string}"},"query-input":"required name=search_term_string"}],"inLanguage":"es"}]}},"_links":{"self":[{"href":"http:\/\/www.expertoexcel.cl\/index.php?rest_route=\/wp\/v2\/pages\/8"}],"collection":[{"href":"http:\/\/www.expertoexcel.cl\/index.php?rest_route=\/wp\/v2\/pages"}],"about":[{"href":"http:\/\/www.expertoexcel.cl\/index.php?rest_route=\/wp\/v2\/types\/page"}],"author":[{"embeddable":true,"href":"http:\/\/www.expertoexcel.cl\/index.php?rest_route=\/wp\/v2\/users\/2"}],"replies":[{"embeddable":true,"href":"http:\/\/www.expertoexcel.cl\/index.php?rest_route=%2Fwp%2Fv2%2Fcomments&post=8"}],"version-history":[{"count":24,"href":"http:\/\/www.expertoexcel.cl\/index.php?rest_route=\/wp\/v2\/pages\/8\/revisions"}],"predecessor-version":[{"id":423,"href":"http:\/\/www.expertoexcel.cl\/index.php?rest_route=\/wp\/v2\/pages\/8\/revisions\/423"}],"wp:attachment":[{"href":"http:\/\/www.expertoexcel.cl\/index.php?rest_route=%2Fwp%2Fv2%2Fmedia&parent=8"}],"curies":[{"name":"wp","href":"https:\/\/api.w.org\/{rel}","templated":true}]}}